{"id":251,"date":"2021-05-28T15:52:48","date_gmt":"2021-05-28T13:52:48","guid":{"rendered":"http:\/\/www.fenster-eu.at\/fenster-eu\/?page_id=251"},"modified":"2021-07-07T15:54:42","modified_gmt":"2021-07-07T13:54:42","slug":"holzfenster","status":"publish","type":"page","link":"http:\/\/www.fenster-eu.at\/fenster-eu\/holzfenster\/","title":{"rendered":"Holz Fenster"},"content":{"rendered":"<div id=\"pl-251\"  class=\"panel-layout\" ><div id=\"pg-251-0\"  class=\"panel-grid panel-no-style\" ><div id=\"pgc-251-0-0\"  class=\"panel-grid-cell\" ><div id=\"panel-251-0-0-0\" class=\"so-panel widget widget_media_image panel-first-child panel-last-child\" data-index=\"0\" ><img width=\"720\" height=\"720\" src=\"http:\/\/www.fenster-eu.at\/fenster-eu\/wp-content\/uploads\/2021\/07\/Woodline_gr-1024x1024.jpg\" class=\"image wp-image-422  attachment-large size-large\" alt=\"\" loading=\"lazy\" style=\"max-width: 100%; height: auto;\" srcset=\"http:\/\/www.fenster-eu.at\/fenster-eu\/wp-content\/uploads\/2021\/07\/Woodline_gr-1024x1024.jpg 1024w, http:\/\/www.fenster-eu.at\/fenster-eu\/wp-content\/uploads\/2021\/07\/Woodline_gr-300x300.jpg 300w, http:\/\/www.fenster-eu.at\/fenster-eu\/wp-content\/uploads\/2021\/07\/Woodline_gr-150x150.jpg 150w, http:\/\/www.fenster-eu.at\/fenster-eu\/wp-content\/uploads\/2021\/07\/Woodline_gr-768x768.jpg 768w, http:\/\/www.fenster-eu.at\/fenster-eu\/wp-content\/uploads\/2021\/07\/Woodline_gr-1536x1536.jpg 1536w, http:\/\/www.fenster-eu.at\/fenster-eu\/wp-content\/uploads\/2021\/07\/Woodline_gr-2048x2048.jpg 2048w\" sizes=\"(max-width: 720px) 100vw, 720px\" \/><\/div><\/div><\/div><div id=\"pg-251-1\"  class=\"panel-grid panel-no-style\" ><div id=\"pgc-251-1-0\"  class=\"panel-grid-cell\" ><div id=\"panel-251-1-0-0\" class=\"so-panel widget widget_text panel-first-child panel-last-child\" data-index=\"1\" ><h3 class=\"widget-title\">Das natu\u0308rliche Fenster<\/h3>\t\t\t<div class=\"textwidget\"><p>Das Naturprodukt Holz ist seit jeher bei den Menschen h\u00f6chst beliebt. Mit Woodline Holzfenstern erfahren Sie nicht nur eine angenehme Wohnatmosph\u00e4re, Sie bekommen<br \/>\nauch ein \u00e4u\u00dferst stabiles und langlebiges Fenster mit guter W\u00e4rmed\u00e4mmung.<\/p>\n<\/div>\n\t\t<\/div><\/div><\/div><div id=\"pg-251-2\"  class=\"panel-grid panel-no-style\" ><div id=\"pgc-251-2-0\"  class=\"panel-grid-cell\" ><div id=\"panel-251-2-0-0\" class=\"so-panel widget widget_text panel-first-child panel-last-child\" data-index=\"2\" >\t\t\t<div class=\"textwidget\"><p data-wp-editing=\"1\"><img loading=\"lazy\" class=\"wp-image-98 size-full\" src=\"http:\/\/www.fenster-eu.at\/fenster-eu\/wp-content\/uploads\/2021\/05\/q.png\" alt=\"\" width=\"10\" height=\"10\" \/> \u00a0 qualitativ hochwertige Nassverglasung mit Silikon<\/p>\n<p data-wp-editing=\"1\"><img loading=\"lazy\" class=\"wp-image-98 size-full\" src=\"http:\/\/www.fenster-eu.at\/fenster-eu\/wp-content\/uploads\/2021\/05\/q.png\" alt=\"\" width=\"10\" height=\"10\" \/> \u00a0 thermisch getrennte Regenschutz- und Flu\u0308gelabdeckschiene<\/p>\n<p data-wp-editing=\"1\"><img loading=\"lazy\" class=\"wp-image-98 size-full\" src=\"http:\/\/www.fenster-eu.at\/fenster-eu\/wp-content\/uploads\/2021\/05\/q.png\" alt=\"\" width=\"10\" height=\"10\" \/> \u00a0 Basissicherheit durch Pilzzapfen und Sicherheitsschlie\u00dfstu\u0308ck<\/p>\n<p data-wp-editing=\"1\"><img loading=\"lazy\" class=\"wp-image-98 size-full\" src=\"http:\/\/www.fenster-eu.at\/fenster-eu\/wp-content\/uploads\/2021\/05\/q.png\" alt=\"\" width=\"10\" height=\"10\" \/> \u00a0 Flu\u0308gelheber und Fehlbedienungssperre (ab einer Fensterh\u00f6he von ca. 80 cm)<\/p>\n<p data-wp-editing=\"1\"><img loading=\"lazy\" class=\"wp-image-98 size-full\" src=\"http:\/\/www.fenster-eu.at\/fenster-eu\/wp-content\/uploads\/2021\/05\/q.png\" alt=\"\" width=\"10\" height=\"10\" \/> \u00a0 serienm\u00e4\u00dfig Edelstahl-Randverbund in silber<\/p>\n<p data-wp-editing=\"1\"><img loading=\"lazy\" class=\"wp-image-98 size-full\" src=\"http:\/\/www.fenster-eu.at\/fenster-eu\/wp-content\/uploads\/2021\/05\/q.png\" alt=\"\" width=\"10\" height=\"10\" \/> \u00a0 3-fach schichtverleimtes Holz<\/p>\n<p data-wp-editing=\"1\"><img loading=\"lazy\" class=\"wp-image-98 size-full\" src=\"http:\/\/www.fenster-eu.at\/fenster-eu\/wp-content\/uploads\/2021\/05\/q.png\" alt=\"\" width=\"10\" height=\"10\" \/> \u00a0 Bestwert: Uw = 0,96 W\/m2K<\/p>\n<p data-wp-editing=\"1\"><img loading=\"lazy\" class=\"wp-image-98 size-full\" src=\"http:\/\/www.fenster-eu.at\/fenster-eu\/wp-content\/uploads\/2021\/05\/q.png\" alt=\"\" width=\"10\" height=\"10\" \/> \u00a0 70 mm Bautiefe<\/p>\n<p data-wp-editing=\"1\"><img loading=\"lazy\" class=\"wp-image-98 size-full\" src=\"http:\/\/www.fenster-eu.at\/fenster-eu\/wp-content\/uploads\/2021\/05\/q.png\" alt=\"\" width=\"10\" height=\"10\" \/> \u00a0 2 umlaufende Dichtungen<\/p>\n<p data-wp-editing=\"1\"><img loading=\"lazy\" class=\"wp-image-98 size-full\" src=\"http:\/\/www.fenster-eu.at\/fenster-eu\/wp-content\/uploads\/2021\/05\/q.png\" alt=\"\" width=\"10\" height=\"10\" \/> \u00a0 2-fach W\u00e4rmeschutzverglasung serienm\u00e4\u00dfig<\/p>\n<\/div>\n\t\t<\/div><\/div><\/div><div id=\"pg-251-3\"  class=\"panel-grid panel-no-style\" ><div id=\"pgc-251-3-0\"  class=\"panel-grid-cell\" ><div id=\"panel-251-3-0-0\" class=\"so-panel widget widget_media_image panel-first-child panel-last-child\" data-index=\"3\" ><a href=\"https:\/\/www.fenster-eu.at\/fenster-eu\/kontakt\/\"><img width=\"258\" height=\"46\" src=\"http:\/\/www.fenster-eu.at\/fenster-eu\/wp-content\/uploads\/2021\/05\/butt_zukontakt.jpg\" class=\"image wp-image-215  attachment-full size-full\" alt=\"\" loading=\"lazy\" style=\"max-width: 100%; height: auto;\" \/><\/a><\/div><\/div><\/div><\/div>","protected":false},"excerpt":{"rendered":"<p>Das Naturprodukt Holz ist seit jeher bei den Menschen h\u00f6chst beliebt. Mit Woodline Holzfenstern erfahren Sie nicht nur eine angenehme Wohnatmosph\u00e4re, Sie bekommen auch ein \u00e4u\u00dferst stabiles und langlebiges Fenster mit guter W\u00e4rmed\u00e4mmung.<\/p>\n","protected":false},"author":1,"featured_media":0,"parent":0,"menu_order":0,"comment_status":"closed","ping_status":"closed","template":"","meta":[],"_links":{"self":[{"href":"http:\/\/www.fenster-eu.at\/fenster-eu\/wp-json\/wp\/v2\/pages\/251"}],"collection":[{"href":"http:\/\/www.fenster-eu.at\/fenster-eu\/wp-json\/wp\/v2\/pages"}],"about":[{"href":"http:\/\/www.fenster-eu.at\/fenster-eu\/wp-json\/wp\/v2\/types\/page"}],"author":[{"embeddable":true,"href":"http:\/\/www.fenster-eu.at\/fenster-eu\/wp-json\/wp\/v2\/users\/1"}],"replies":[{"embeddable":true,"href":"http:\/\/www.fenster-eu.at\/fenster-eu\/wp-json\/wp\/v2\/comments?post=251"}],"version-history":[{"count":15,"href":"http:\/\/www.fenster-eu.at\/fenster-eu\/wp-json\/wp\/v2\/pages\/251\/revisions"}],"predecessor-version":[{"id":434,"href":"http:\/\/www.fenster-eu.at\/fenster-eu\/wp-json\/wp\/v2\/pages\/251\/revisions\/434"}],"wp:attachment":[{"href":"http:\/\/www.fenster-eu.at\/fenster-eu\/wp-json\/wp\/v2\/media?parent=251"}],"curies":[{"name":"wp","href":"https:\/\/api.w.org\/{rel}","templated":true}]}}